{"id":1643,"date":"2013-04-08T23:14:24","date_gmt":"2013-04-08T21:14:24","guid":{"rendered":"http:\/\/eclipses.eu\/?page_id=1643"},"modified":"2013-04-08T23:14:24","modified_gmt":"2013-04-08T21:14:24","slug":"galeria-2","status":"publish","type":"page","link":"https:\/\/eclipses.eu\/index.php\/relacje\/galeria-2\/?lang=it","title":{"rendered":"Galleria fotografica"},"content":{"rendered":"<p><\/p>\n<h1>Wyprawa za\u0107mieniowa do Australii i Nowej Zelandii 2012 &#8211; cz\u0119\u015b\u0107 australijska<\/h1>\nngg_shortcode_9_placeholder\n<h1>Wyprawa za\u0107mieniowa do USA 2012<\/h1>\nngg_shortcode_10_placeholder\n<h1>Wyprawa za\u0107mieniowa do Chin 2009<\/h1>\nngg_shortcode_11_placeholder<\/p>","protected":false},"excerpt":{"rendered":"<p>Wyprawa za\u0107mieniowa do Australii i Nowej Zelandii 2012 &#8211; cz\u0119\u015b\u0107 australijska Wyprawa za\u0107mieniowa do USA 2012 Wyprawa za\u0107mieniowa do Chin 2009<\/p>\n","protected":false},"author":1,"featured_media":0,"parent":1046,"menu_order":74,"comment_status":"open","ping_status":"open","template":"","meta":{"ngg_post_thumbnail":0,"_price":"","_stock":"","_tribe_ticket_header":"","_tribe_default_ticket_provider":"","_tribe_ticket_capacity":"0","_ticket_start_date":"","_ticket_end_date":"","_tribe_ticket_show_description":"","_tribe_ticket_show_not_going":false,"_tribe_ticket_use_global_stock":"","_tribe_ticket_global_stock_level":"","_global_stock_mode":"","_global_stock_cap":"","_tribe_rsvp_for_event":"","_tribe_ticket_going_count":"","_tribe_ticket_not_going_count":"","_tribe_tickets_list":"[]","_tribe_ticket_has_attendee_info_fields":false,"_EventAllDay":false,"_EventTimezone":"","_EventStartDate":"","_EventEndDate":"","_EventStartDateUTC":"","_EventEndDateUTC":"","_EventShowMap":false,"_EventShowMapLink":false,"_EventURL":"","_EventCost":"","_EventCostDescription":"","_EventCurrencySymbol":"","_EventCurrencyCode":"","_EventCurrencyPosition":"","_EventDateTimeSeparator":"","_EventTimeRangeSeparator":"","_EventOrganizerID":[],"_EventVenueID":[],"_OrganizerEmail":"","_OrganizerPhone":"","_OrganizerWebsite":"","_VenueAddress":"","_VenueCity":"","_VenueCountry":"","_VenueProvince":"","_VenueState":"","_VenueZip":"","_VenuePhone":"","_VenueURL":"","_VenueStateProvince":"","_VenueLat":"","_VenueLng":"","_VenueShowMap":false,"_VenueShowMapLink":false,"footnotes":"","_tec_slr_enabled":"","_tec_slr_layout":""},"class_list":["post-1643","page","type-page","status-publish","hentry"],"aioseo_notices":[],"jetpack_sharing_enabled":true,"ticketed":false,"_links":{"self":[{"href":"https:\/\/eclipses.eu\/index.php\/wp-json\/wp\/v2\/pages\/1643","targetHints":{"allow":["GET"]}}],"collection":[{"href":"https:\/\/eclipses.eu\/index.php\/wp-json\/wp\/v2\/pages"}],"about":[{"href":"https:\/\/eclipses.eu\/index.php\/wp-json\/wp\/v2\/types\/page"}],"author":[{"embeddable":true,"href":"https:\/\/eclipses.eu\/index.php\/wp-json\/wp\/v2\/users\/1"}],"replies":[{"embeddable":true,"href":"https:\/\/eclipses.eu\/index.php\/wp-json\/wp\/v2\/comments?post=1643"}],"version-history":[{"count":0,"href":"https:\/\/eclipses.eu\/index.php\/wp-json\/wp\/v2\/pages\/1643\/revisions"}],"up":[{"embeddable":true,"href":"https:\/\/eclipses.eu\/index.php\/wp-json\/wp\/v2\/pages\/1046"}],"wp:attachment":[{"href":"https:\/\/eclipses.eu\/index.php\/wp-json\/wp\/v2\/media?parent=1643"}],"curies":[{"name":"wp","href":"https:\/\/api.w.org\/{rel}","templated":true}]}}