{"id":1532,"date":"2013-02-27T03:24:49","date_gmt":"2013-02-27T02:24:49","guid":{"rendered":"http:\/\/eclipses.eu\/?page_id=1532"},"modified":"2013-02-27T03:39:47","modified_gmt":"2013-02-27T02:39:47","slug":"park-narodowy-watarrka","status":"publish","type":"page","link":"https:\/\/eclipses.eu\/index.php\/atlas-swiata\/australia\/park-narodowy-watarrka\/?lang=fr","title":{"rendered":"Watarrka National Park"},"content":{"rendered":"<p>Fond\u00e9e en 1989 Watarrka National Park prot\u00e8ge 720 km \u00b2 de extr\u00e9mit\u00e9 ouest du robuste George Gill Range dans le Territoire du Nord.<\/p>\n<p>Park se trouve 1316 km au sud de Darwin et 323 km de sud-ouest d&rsquo;Alice Springs. Il contient le tr\u00e8s visit\u00e9 Kings Canyon \u00e0 l&rsquo;extr\u00e9mit\u00e9 ouest de la cha\u00eene de George Gill et Kathleen Springs.<\/p>\n<p>Les murs de Kings Canyon s&rsquo;\u00e9lever \u00e0 plus de 100 m\u00e8tres de haut au-dessus de Kings Creek. Une partie de la gorge est un site aborig\u00e8ne sacr\u00e9. Kings Canyon peut \u00eatre visit\u00e9 en suivant l&rsquo;une des deux pistes. Kings Creek Marche retrace le fond de la gorge et conduit \u00e0 une plate-forme, avec vue sur les parois du canyon ci-dessus.<\/p>\n<p>Kings Canyon Rim Walk est 6 km de long et retrace le haut du canyon. Il commence par une mont\u00e9e raide appel\u00e9 \u00ab\u00a0Heartbreak Hill\u00a0\u00bb, conduit rapidement vers le haut, avec des vues spectaculaires sur les gorges. Marchez passe \u00e0 travers un grand labyrinthe de d\u00f4mes de gr\u00e8s \u00e9rod\u00e9s appel\u00e9 Lost City. \u00c0 mi-chemin au cours de la promenade, un d\u00e9tour descend au jardin d&rsquo;Eden, oasis inattendue de la vie autour d&rsquo;un point d&rsquo;eau.<\/p>","protected":false},"excerpt":{"rendered":"<p>Fond\u00e9e en 1989 Watarrka National Park prot\u00e8ge 720 km \u00b2 de extr\u00e9mit\u00e9 ouest du robuste George Gill Range dans le Territoire du Nord. Park se trouve 1316 km au sud [&hellip;]<\/p>\n","protected":false},"author":1,"featured_media":0,"parent":1523,"menu_order":82,"comment_status":"open","ping_status":"open","template":"","meta":{"ngg_post_thumbnail":0,"_price":"","_stock":"","_tribe_ticket_header":"","_tribe_default_ticket_provider":"","_tribe_ticket_capacity":"0","_ticket_start_date":"","_ticket_end_date":"","_tribe_ticket_show_description":"","_tribe_ticket_show_not_going":false,"_tribe_ticket_use_global_stock":"","_tribe_ticket_global_stock_level":"","_global_stock_mode":"","_global_stock_cap":"","_tribe_rsvp_for_event":"","_tribe_ticket_going_count":"","_tribe_ticket_not_going_count":"","_tribe_tickets_list":"[]","_tribe_ticket_has_attendee_info_fields":false,"_EventAllDay":false,"_EventTimezone":"","_EventStartDate":"","_EventEndDate":"","_EventStartDateUTC":"","_EventEndDateUTC":"","_EventShowMap":false,"_EventShowMapLink":false,"_EventURL":"","_EventCost":"","_EventCostDescription":"","_EventCurrencySymbol":"","_EventCurrencyCode":"","_EventCurrencyPosition":"","_EventDateTimeSeparator":"","_EventTimeRangeSeparator":"","_EventOrganizerID":[],"_EventVenueID":[],"_OrganizerEmail":"","_OrganizerPhone":"","_OrganizerWebsite":"","_VenueAddress":"","_VenueCity":"","_VenueCountry":"","_VenueProvince":"","_VenueState":"","_VenueZip":"","_VenuePhone":"","_VenueURL":"","_VenueStateProvince":"","_VenueLat":"","_VenueLng":"","_VenueShowMap":false,"_VenueShowMapLink":false,"footnotes":"","_tec_slr_enabled":"","_tec_slr_layout":""},"class_list":["post-1532","page","type-page","status-publish","hentry"],"aioseo_notices":[],"jetpack_sharing_enabled":true,"ticketed":false,"_links":{"self":[{"href":"https:\/\/eclipses.eu\/index.php\/wp-json\/wp\/v2\/pages\/1532","targetHints":{"allow":["GET"]}}],"collection":[{"href":"https:\/\/eclipses.eu\/index.php\/wp-json\/wp\/v2\/pages"}],"about":[{"href":"https:\/\/eclipses.eu\/index.php\/wp-json\/wp\/v2\/types\/page"}],"author":[{"embeddable":true,"href":"https:\/\/eclipses.eu\/index.php\/wp-json\/wp\/v2\/users\/1"}],"replies":[{"embeddable":true,"href":"https:\/\/eclipses.eu\/index.php\/wp-json\/wp\/v2\/comments?post=1532"}],"version-history":[{"count":0,"href":"https:\/\/eclipses.eu\/index.php\/wp-json\/wp\/v2\/pages\/1532\/revisions"}],"up":[{"embeddable":true,"href":"https:\/\/eclipses.eu\/index.php\/wp-json\/wp\/v2\/pages\/1523"}],"wp:attachment":[{"href":"https:\/\/eclipses.eu\/index.php\/wp-json\/wp\/v2\/media?parent=1532"}],"curies":[{"name":"wp","href":"https:\/\/api.w.org\/{rel}","templated":true}]}}