{"id":14556,"date":"2017-04-04T11:23:54","date_gmt":"2017-04-04T09:23:54","guid":{"rendered":"http:\/\/eclipses.eu\/?page_id=14556"},"modified":"2017-04-04T11:23:54","modified_gmt":"2017-04-04T09:23:54","slug":"usa-hawaje","status":"publish","type":"page","link":"https:\/\/eclipses.eu\/index.php\/atlas-swiata\/usa-hawaje\/?lang=de","title":{"rendered":"Hawaii"},"content":{"rendered":"<img decoding=\"async\" data-attachment-id=\"14553\" data-permalink=\"https:\/\/eclipses.eu\/hawaje-noredline_small\/\" data-orig-file=\"https:\/\/eclipses.eu\/wp-content\/uploads\/2017\/04\/Hawaje-NoRedLine_small.jpg\" data-orig-size=\"600,600\" data-comments-opened=\"1\" data-image-meta=\"{&quot;aperture&quot;:&quot;0&quot;,&quot;credit&quot;:&quot;&quot;,&quot;camera&quot;:&quot;&quot;,&quot;caption&quot;:&quot;&quot;,&quot;created_timestamp&quot;:&quot;0&quot;,&quot;copyright&quot;:&quot;&quot;,&quot;focal_length&quot;:&quot;0&quot;,&quot;iso&quot;:&quot;0&quot;,&quot;shutter_speed&quot;:&quot;0&quot;,&quot;title&quot;:&quot;&quot;,&quot;orientation&quot;:&quot;1&quot;}\" data-image-title=\"Hawaje-NoRedLine_small\" data-image-description=\"\" data-image-caption=\"\" data-large-file=\"https:\/\/eclipses.eu\/wp-content\/uploads\/2017\/04\/Hawaje-NoRedLine_small.jpg\" class=\"alignleft size-thumbnail wp-image-14553\" src=\"http:\/\/eclipses.eu\/wp-content\/uploads\/2017\/04\/Hawaje-NoRedLine_small-100x100.jpg\" alt=\"\" height=\"100\" width=\"100\"Hawaii ist eine Inselkette im Pazifischen Ozean und seit 1959 der 50. Bundesstaat der Vereinigten Staaten. Sie ist benannt nach der gr\u00f6\u00dften Insel des Archipels, die inoffiziell auch Big Island hei\u00dft. Die Inselgruppe geh\u00f6rt zum polynesischen Kulturraum, bildet die n\u00f6rdliche Spitze des sogenannten polynesischen Dreiecks und wird zu den S\u00fcdseeinseln gez\u00e4hlt. Sie wurden fr\u00fcher auch Sandwich-Inseln genannt. Der Beiname des US-Bundesstaates Hawaii ist Aloha State (\u201eAloha-Staat\u201c).\n\nHawaiis vielf\u00e4ltige Landschaften, ein ganzj\u00e4hrig warmes Klima und viele \u00f6ffentliche Str\u00e4nde machen es zu einem beliebten Zielpunkt von Touristen, Surfern, Biologen und Geologen. Durch seine Lage\n<\/p srcset=\"https:\/\/eclipses.eu\/wp-content\/uploads\/2017\/04\/Hawaje-NoRedLine_small-100x100.jpg 100w, https:\/\/eclipses.eu\/wp-content\/uploads\/2017\/04\/Hawaje-NoRedLine_small-300x300.jpg 300w, https:\/\/eclipses.eu\/wp-content\/uploads\/2017\/04\/Hawaje-NoRedLine_small-332x332.jpg 332w, https:\/\/eclipses.eu\/wp-content\/uploads\/2017\/04\/Hawaje-NoRedLine_small-432x432.jpg 432w, https:\/\/eclipses.eu\/wp-content\/uploads\/2017\/04\/Hawaje-NoRedLine_small-268x268.jpg 268w, https:\/\/eclipses.eu\/wp-content\/uploads\/2017\/04\/Hawaje-NoRedLine_small.jpg 600w\" sizes=\"(max-width: 100px) 100vw, 100px\" \/>","protected":false},"excerpt":{"rendered":"","protected":false},"author":1,"featured_media":0,"parent":744,"menu_order":64,"comment_status":"closed","ping_status":"closed","template":"","meta":{"ngg_post_thumbnail":0,"_price":"","_stock":"","_tribe_ticket_header":"","_tribe_default_ticket_provider":"","_tribe_ticket_capacity":"0","_ticket_start_date":"","_ticket_end_date":"","_tribe_ticket_show_description":"","_tribe_ticket_show_not_going":false,"_tribe_ticket_use_global_stock":"","_tribe_ticket_global_stock_level":"","_global_stock_mode":"","_global_stock_cap":"","_tribe_rsvp_for_event":"","_tribe_ticket_going_count":"","_tribe_ticket_not_going_count":"","_tribe_tickets_list":"[]","_tribe_ticket_has_attendee_info_fields":false,"_EventAllDay":false,"_EventTimezone":"","_EventStartDate":"","_EventEndDate":"","_EventStartDateUTC":"","_EventEndDateUTC":"","_EventShowMap":false,"_EventShowMapLink":false,"_EventURL":"","_EventCost":"","_EventCostDescription":"","_EventCurrencySymbol":"","_EventCurrencyCode":"","_EventCurrencyPosition":"","_EventDateTimeSeparator":"","_EventTimeRangeSeparator":"","_EventOrganizerID":[],"_EventVenueID":[],"_OrganizerEmail":"","_OrganizerPhone":"","_OrganizerWebsite":"","_VenueAddress":"","_VenueCity":"","_VenueCountry":"","_VenueProvince":"","_VenueState":"","_VenueZip":"","_VenuePhone":"","_VenueURL":"","_VenueStateProvince":"","_VenueLat":"","_VenueLng":"","_VenueShowMap":false,"_VenueShowMapLink":false,"footnotes":"","_tec_slr_enabled":"","_tec_slr_layout":""},"class_list":["post-14556","page","type-page","status-publish","hentry"],"aioseo_notices":[],"jetpack_sharing_enabled":true,"ticketed":false,"_links":{"self":[{"href":"https:\/\/eclipses.eu\/index.php\/wp-json\/wp\/v2\/pages\/14556","targetHints":{"allow":["GET"]}}],"collection":[{"href":"https:\/\/eclipses.eu\/index.php\/wp-json\/wp\/v2\/pages"}],"about":[{"href":"https:\/\/eclipses.eu\/index.php\/wp-json\/wp\/v2\/types\/page"}],"author":[{"embeddable":true,"href":"https:\/\/eclipses.eu\/index.php\/wp-json\/wp\/v2\/users\/1"}],"replies":[{"embeddable":true,"href":"https:\/\/eclipses.eu\/index.php\/wp-json\/wp\/v2\/comments?post=14556"}],"version-history":[{"count":2,"href":"https:\/\/eclipses.eu\/index.php\/wp-json\/wp\/v2\/pages\/14556\/revisions"}],"predecessor-version":[{"id":14558,"href":"https:\/\/eclipses.eu\/index.php\/wp-json\/wp\/v2\/pages\/14556\/revisions\/14558"}],"up":[{"embeddable":true,"href":"https:\/\/eclipses.eu\/index.php\/wp-json\/wp\/v2\/pages\/744"}],"wp:attachment":[{"href":"https:\/\/eclipses.eu\/index.php\/wp-json\/wp\/v2\/media?parent=14556"}],"curies":[{"name":"wp","href":"https:\/\/api.w.org\/{rel}","templated":true}]}}