{"id":1076,"date":"2013-01-29T23:53:50","date_gmt":"2013-01-29T22:53:50","guid":{"rendered":"http:\/\/eclipses.eu\/?page_id=1076"},"modified":"2021-04-05T22:15:51","modified_gmt":"2021-04-05T20:15:51","slug":"australia-i-nowa-zelandia-2012-calkowite-zacmienie-slonca","status":"publish","type":"page","link":"https:\/\/eclipses.eu\/index.php\/relacje\/australia-i-nowa-zelandia-2012-calkowite-zacmienie-slonca\/?lang=it","title":{"rendered":"Australia e Nuova Zelanda 2012 &#8211; Eclissi solare totale"},"content":{"rendered":"Relazione della spedizione totale eclissi solare in Australia e Nuova Zelanda<\/p>\n<ul>\n<li><img loading=\"lazy\" decoding=\"async\" data-attachment-id=\"16709\" data-permalink=\"https:\/\/eclipses.eu\/index.php\/portfolio\/great-ocean-road-12-apostolow-i-przyladek-otway\/2012-10-30_0436-00521\/\" data-orig-file=\"https:\/\/eclipses.eu\/wp-content\/uploads\/2012\/10\/2012-10-30_0436-00521.jpg\" data-orig-size=\"1920,1275\" data-comments-opened=\"1\" data-image-meta=\"{&quot;aperture&quot;:&quot;5.6&quot;,&quot;credit&quot;:&quot;&quot;,&quot;camera&quot;:&quot;NIKON D90&quot;,&quot;caption&quot;:&quot;&quot;,&quot;created_timestamp&quot;:&quot;1351568168&quot;,&quot;copyright&quot;:&quot;&quot;,&quot;focal_length&quot;:&quot;24&quot;,&quot;iso&quot;:&quot;0&quot;,&quot;shutter_speed&quot;:&quot;0.008&quot;,&quot;title&quot;:&quot;&quot;,&quot;orientation&quot;:&quot;1&quot;}\" data-image-title=\"2012-10-30_0436-00521\" data-image-description=\"\" data-image-caption=\"\" data-large-file=\"https:\/\/eclipses.eu\/wp-content\/uploads\/2012\/10\/2012-10-30_0436-00521-1024x680.jpg\" class=\"wp-image-16709 alignleft\" src=\"http:\/\/eclipses.eu\/wp-content\/uploads\/2012\/10\/2012-10-30_0436-00521.jpg\" alt=\"\" width=\"255\" height=\"169\" srcset=\"https:\/\/eclipses.eu\/wp-content\/uploads\/2012\/10\/2012-10-30_0436-00521.jpg 1920w, https:\/\/eclipses.eu\/wp-content\/uploads\/2012\/10\/2012-10-30_0436-00521-300x199.jpg 300w, https:\/\/eclipses.eu\/wp-content\/uploads\/2012\/10\/2012-10-30_0436-00521-1024x680.jpg 1024w, https:\/\/eclipses.eu\/wp-content\/uploads\/2012\/10\/2012-10-30_0436-00521-768x510.jpg 768w, https:\/\/eclipses.eu\/wp-content\/uploads\/2012\/10\/2012-10-30_0436-00521-1536x1020.jpg 1536w\" sizes=\"(max-width: 255px) 100vw, 255px\" \/><strong>Australia &#8211; Victoria, New South Wales:<\/strong>\n<ul>\n<li><a title=\"Melbourne\" href=\"http:\/\/eclipses.eu\/2012\/10\/melbourne\/\">Melbourne<\/a><\/li>\n<li><a title=\"Melbourne \u2013 Ballarat\" href=\"http:\/\/eclipses.eu\/2012\/10\/melbourne-ballarat\/\">Melbourne &#8211; Sovereign Hill<\/a><\/li>\n<li><a title=\"Great Ocean Road \u2013 12 Aposto\u0142\u00f3w i przyl\u0105dek Otway\" href=\"http:\/\/eclipses.eu\/2012\/10\/great-ocean-road-12-apostolow-i-przyladek-otway\/\">Great Ocean Road &#8211; Twelve Apostles &#8211; Cape Otway<\/a><\/li>\n<li><a title=\"Mt Kosciuszko\" href=\"http:\/\/eclipses.eu\/2012\/10\/mt-kosciuszko\/\">Mt Kosciuszko<\/a><\/li>\n<li><a title=\"Centrum komunikacji z sondami g\u0142\u0119bokiego nieba Canberra, rezerwat Tidbinbilla, Park Narodowy Namagdi\" href=\"http:\/\/eclipses.eu\/2012\/11\/centrum-komunikacji-z-sondami-glebokiego-nieba-canberra-rezerwat-tidbinbilla-park-narodowy-namagdi\/\">Canbera DSCC, Tidbinbilla, Namagdi<\/a><\/li>\n<\/ul>\n<\/li>\n<\/ul>\n<p>&nbsp;<\/p>\n<ul>\n<li><strong><img loading=\"lazy\" decoding=\"async\" data-attachment-id=\"16742\" data-permalink=\"https:\/\/eclipses.eu\/index.php\/relacje\/australia-i-nowa-zelandia-2012-calkowite-zacmienie-slonca\/2012-11-05_2315-00144-2\/\" data-orig-file=\"https:\/\/eclipses.eu\/wp-content\/uploads\/2021\/04\/2012-11-05_2315-00144.jpg\" data-orig-size=\"1920,1275\" data-comments-opened=\"1\" data-image-meta=\"{&quot;aperture&quot;:&quot;25&quot;,&quot;credit&quot;:&quot;&quot;,&quot;camera&quot;:&quot;NIKON D90&quot;,&quot;caption&quot;:&quot;&quot;,&quot;created_timestamp&quot;:&quot;1352153705&quot;,&quot;copyright&quot;:&quot;&quot;,&quot;focal_length&quot;:&quot;22&quot;,&quot;iso&quot;:&quot;200&quot;,&quot;shutter_speed&quot;:&quot;0.04&quot;,&quot;title&quot;:&quot;&quot;,&quot;orientation&quot;:&quot;1&quot;}\" data-image-title=\"2012-11-05_2315-00144\" data-image-description=\"\" data-image-caption=\"\" data-large-file=\"https:\/\/eclipses.eu\/wp-content\/uploads\/2021\/04\/2012-11-05_2315-00144-1024x680.jpg\" class=\"alignleft wp-image-16742\" src=\"http:\/\/eclipses.eu\/wp-content\/uploads\/2021\/04\/2012-11-05_2315-00144.jpg\" alt=\"\" width=\"251\" height=\"167\" srcset=\"https:\/\/eclipses.eu\/wp-content\/uploads\/2021\/04\/2012-11-05_2315-00144.jpg 1920w, https:\/\/eclipses.eu\/wp-content\/uploads\/2021\/04\/2012-11-05_2315-00144-300x199.jpg 300w, https:\/\/eclipses.eu\/wp-content\/uploads\/2021\/04\/2012-11-05_2315-00144-1024x680.jpg 1024w, https:\/\/eclipses.eu\/wp-content\/uploads\/2021\/04\/2012-11-05_2315-00144-768x510.jpg 768w, https:\/\/eclipses.eu\/wp-content\/uploads\/2021\/04\/2012-11-05_2315-00144-1536x1020.jpg 1536w\" sizes=\"(max-width: 251px) 100vw, 251px\" \/>Australia &#8211; Red Center, Top End:<\/strong>\n<ul>\n<li><a title=\"Alice Springs\" href=\"http:\/\/eclipses.eu\/2012\/11\/alice-springs\/\">Alice Springs<\/a><\/li>\n<li><a title=\"West MacDonnel National Park \u2013 czerwone serce Australii\" href=\"http:\/\/eclipses.eu\/2012\/11\/west-macdonnel-national-park-czerwone-serce-australii\/\">West MacDonnell National Park<\/a><\/li>\n<li><a title=\"Red Center \u2013 z Glen Helen do King\u2019s Canyon\" href=\"http:\/\/eclipses.eu\/2012\/11\/red-center-z-glen-helen-do-kings-canyon\/\">Marenje Loop Road (Gosse Bluff, Ormiston Gorge)<\/a><\/li>\n<li><a title=\"Kings Canyon (Watarrka National Park) \u2013 Po\u017car buszu \u2013 Zach\u00f3d S\u0142o\u0144ca nad Uluru\" href=\"http:\/\/eclipses.eu\/2012\/11\/kings-canyon-watarrka-national-park-pozar-buszu-zachod-slonca-nad-uluru\/\">Watarrka National Park (Kings Canyon)<\/a><\/li>\n<li><a title=\"Uluru-Kata Tjuta National Park\" href=\"http:\/\/eclipses.eu\/2012\/11\/uluru-kata-tjuta-national-park\/\">Uluru Katja-Tjuta National Park<\/a><\/li>\n<li><a title=\"Z Alice Springs do Devil\u2019s Marbles\" href=\"http:\/\/eclipses.eu\/2012\/11\/z-alice-springs-do-devils-marbles\/\">Tropic of Capricorn&nbsp;<\/a><\/li>\n<li><a title=\"Jad\u0105c na p\u00f3\u0142noc z Devil\u2019s Marbles do Katherine\" href=\"http:\/\/eclipses.eu\/2012\/11\/jadac-na-polnoc-z-devils-marbles-do-katherine\/\">Devil&#8217;s Marbles<\/a><\/li>\n<li><a title=\"Nitmiluk National Park\" href=\"http:\/\/eclipses.eu\/2012\/11\/nitmiluk-national-park\/\">Nitmiluk National Park (Katherine Gorge), jaskinia Cutta Cutta<\/a><\/li>\n<li><a title=\"Kakadu National Park \u2013 Litchfield National Park\" href=\"http:\/\/eclipses.eu\/2012\/11\/kakadu-national-park-litchfield-national-park\/\">Kakadu National Park, Litchfield National Park<\/a><\/li>\n<\/ul>\n<\/li>\n<li><img loading=\"lazy\" decoding=\"async\" data-attachment-id=\"16743\" data-permalink=\"https:\/\/eclipses.eu\/index.php\/relacje\/australia-i-nowa-zelandia-2012-calkowite-zacmienie-slonca\/2012-11-14_1258-00116\/\" data-orig-file=\"https:\/\/eclipses.eu\/wp-content\/uploads\/2021\/04\/2012-11-14_1258-00116.jpg\" data-orig-size=\"1920,1275\" data-comments-opened=\"1\" data-image-meta=\"{&quot;aperture&quot;:&quot;3.5&quot;,&quot;credit&quot;:&quot;&quot;,&quot;camera&quot;:&quot;NIKON D90&quot;,&quot;caption&quot;:&quot;&quot;,&quot;created_timestamp&quot;:&quot;1352894322&quot;,&quot;copyright&quot;:&quot;&quot;,&quot;focal_length&quot;:&quot;18&quot;,&quot;iso&quot;:&quot;500&quot;,&quot;shutter_speed&quot;:&quot;0.125&quot;,&quot;title&quot;:&quot;&quot;,&quot;orientation&quot;:&quot;1&quot;}\" data-image-title=\"2012-11-14_1258-00116\" data-image-description=\"\" data-image-caption=\"\" data-large-file=\"https:\/\/eclipses.eu\/wp-content\/uploads\/2021\/04\/2012-11-14_1258-00116-1024x680.jpg\" class=\"alignleft wp-image-16743\" src=\"http:\/\/eclipses.eu\/wp-content\/uploads\/2021\/04\/2012-11-14_1258-00116.jpg\" alt=\"\" width=\"252\" height=\"167\" srcset=\"https:\/\/eclipses.eu\/wp-content\/uploads\/2021\/04\/2012-11-14_1258-00116.jpg 1920w, https:\/\/eclipses.eu\/wp-content\/uploads\/2021\/04\/2012-11-14_1258-00116-300x199.jpg 300w, https:\/\/eclipses.eu\/wp-content\/uploads\/2021\/04\/2012-11-14_1258-00116-1024x680.jpg 1024w, https:\/\/eclipses.eu\/wp-content\/uploads\/2021\/04\/2012-11-14_1258-00116-768x510.jpg 768w, https:\/\/eclipses.eu\/wp-content\/uploads\/2021\/04\/2012-11-14_1258-00116-1536x1020.jpg 1536w\" sizes=\"(max-width: 252px) 100vw, 252px\" \/><strong>Australia &#8211; Queensland, Solar Eclipse, Sydney<\/strong>&nbsp;\n<ul>\n<li><a title=\"Cairns\" href=\"http:\/\/eclipses.eu\/2012\/11\/cairns\/\">Cairns<\/a><\/li>\n<li><a title=\"Wielka Rafa Koralowa \u2013 nurkowanie\" href=\"http:\/\/eclipses.eu\/2012\/11\/wielka-rafa-koralowa-nurkowanie\/\">Diving Great Barrier Reef<\/a><\/li>\n<li><a title=\"Barron Gorge National Park \u2013 Kuranda \u2013 Tabletops\" href=\"http:\/\/eclipses.eu\/2012\/11\/barron-gorge-national-park-kuranda-tabletops\/\">Barron Gorge, Kuranda<\/a><\/li>\n<li><a title=\"Ca\u0142kowite za\u0107mienie S\u0142o\u0144ca \u2013 Daintree National Park \u2013 Port Douglas\" href=\"http:\/\/eclipses.eu\/2012\/11\/calkowite-zacmienie-slonca-daintree-national-park-port-douglas\/\"><strong>Za\u0107mienie S\u0142o\u0144ca<\/strong>, Daintree National Park, Port Douglas<\/a><\/li>\n<li><a title=\"Cairns \u2013 Townsend \u2013 Sydney\" href=\"http:\/\/eclipses.eu\/2012\/11\/cairns-townsend-sydney\/\">Sydney<\/a><\/li>\n<li><a title=\"G\u00f3ry B\u0142\u0119kitne we mgle\" href=\"http:\/\/eclipses.eu\/2012\/11\/gory-blekitne-we-mgle\/\">Blue Mountains National Park in fog<\/a><\/li>\n<li><a title=\"G\u00f3ry B\u0142\u0119kitne\" href=\"http:\/\/eclipses.eu\/2012\/11\/gory-blekitne\/\">Blue Mountains National Park<\/a><\/li>\n<li><a title=\"Sydney\" href=\"http:\/\/eclipses.eu\/2012\/11\/sydney\/\">Ogr\u00f3d Botaniczny Sydney, Opera<\/a>&nbsp;<\/li>\n<\/ul>\n<\/li>\n<li><strong><img loading=\"lazy\" decoding=\"async\" data-attachment-id=\"16744\" data-permalink=\"https:\/\/eclipses.eu\/index.php\/relacje\/australia-i-nowa-zelandia-2012-calkowite-zacmienie-slonca\/2012-11-20_1832-00467_8_vibrant\/\" data-orig-file=\"https:\/\/eclipses.eu\/wp-content\/uploads\/2021\/04\/2012-11-20_1832-00467_8_Vibrant.jpg\" data-orig-size=\"1920,1273\" data-comments-opened=\"1\" data-image-meta=\"{&quot;aperture&quot;:&quot;10&quot;,&quot;credit&quot;:&quot;&quot;,&quot;camera&quot;:&quot;NIKON D90&quot;,&quot;caption&quot;:&quot;&quot;,&quot;created_timestamp&quot;:&quot;1353432768&quot;,&quot;copyright&quot;:&quot;&quot;,&quot;focal_length&quot;:&quot;13&quot;,&quot;iso&quot;:&quot;200&quot;,&quot;shutter_speed&quot;:&quot;0.0025&quot;,&quot;title&quot;:&quot;&quot;,&quot;orientation&quot;:&quot;1&quot;}\" data-image-title=\"2012-11-20_1832-00467_8_Vibrant\" data-image-description=\"\" data-image-caption=\"\" data-large-file=\"https:\/\/eclipses.eu\/wp-content\/uploads\/2021\/04\/2012-11-20_1832-00467_8_Vibrant-1024x679.jpg\" class=\"alignleft wp-image-16744\" src=\"http:\/\/eclipses.eu\/wp-content\/uploads\/2021\/04\/2012-11-20_1832-00467_8_Vibrant.jpg\" alt=\"\" width=\"248\" height=\"165\" srcset=\"https:\/\/eclipses.eu\/wp-content\/uploads\/2021\/04\/2012-11-20_1832-00467_8_Vibrant.jpg 1920w, https:\/\/eclipses.eu\/wp-content\/uploads\/2021\/04\/2012-11-20_1832-00467_8_Vibrant-300x199.jpg 300w, https:\/\/eclipses.eu\/wp-content\/uploads\/2021\/04\/2012-11-20_1832-00467_8_Vibrant-1024x679.jpg 1024w, https:\/\/eclipses.eu\/wp-content\/uploads\/2021\/04\/2012-11-20_1832-00467_8_Vibrant-768x509.jpg 768w, https:\/\/eclipses.eu\/wp-content\/uploads\/2021\/04\/2012-11-20_1832-00467_8_Vibrant-1536x1018.jpg 1536w\" sizes=\"(max-width: 248px) 100vw, 248px\" \/> New Zealand &#8211; North Island:<\/strong>&nbsp;\n<ul>\n<li><a title=\"Auckland \u2013 Hobbiton \u2013 Dolina ryftowa Waimangu\" href=\"http:\/\/eclipses.eu\/2012\/11\/auckland-hobbiton-dolina-ryftowa-waimangu\/\">Auckland &#8211; Hobbiton &#8211; Waimangu Rift Valley<\/a><\/li>\n<li><a title=\"Rotorua \u2013 gejzery Wai-o-Tapu \u2013 trawers wulkanu Tongariro\" href=\"http:\/\/eclipses.eu\/2012\/11\/rotorua-gejzery-wai-o-tapu-trawers-wulkanu-tongariro\/\">Rotorua &#8211; Waiotepe Geyser Basin &#8211; Trawers Tongariro<\/a><\/li>\n<li><a title=\"Taumarunui \u2013 Droga Zapomnianego \u015awiata \u2013 Republika Whangamomona\" href=\"http:\/\/eclipses.eu\/2012\/11\/taumarunui-droga-zapomnianego-swiata-republika-whangamomona\/\">Forgottern World Highway &#8211; Whangamomona Republic<\/a><\/li>\n<li><a title=\"Mt Taranaki\" href=\"http:\/\/eclipses.eu\/2012\/11\/mt-taranaki\/\">Mt Taranaki<\/a><\/li>\n<li><a title=\"Stolica \u015ar\u00f3dziemia (miasto znane r\u00f3wnie\u017c jako Wellington) \u2013 Cie\u015bnina Cooka \u2013 Picton\" href=\"http:\/\/eclipses.eu\/2012\/11\/stolica-srodziemia-miasto-znane-rowniez-jako-wellington-ciesnina-cooka-picton\/\">Wellington &#8211; cie\u015bnina Cooka &#8211; Picton<\/a>&nbsp;<\/li>\n<\/ul>\n<\/li>\n<\/ul>\n<p>&nbsp;<\/p>\n<ul>\n<li><strong><img loading=\"lazy\" decoding=\"async\" data-attachment-id=\"16745\" data-permalink=\"https:\/\/eclipses.eu\/index.php\/relacje\/australia-i-nowa-zelandia-2012-calkowite-zacmienie-slonca\/2012-11-28_2019-01272_3_vibrant\/\" data-orig-file=\"https:\/\/eclipses.eu\/wp-content\/uploads\/2021\/04\/2012-11-28_2019-01272_3_Vibrant-scaled.jpg\" data-orig-size=\"2560,1701\" data-comments-opened=\"1\" data-image-meta=\"{&quot;aperture&quot;:&quot;6.3&quot;,&quot;credit&quot;:&quot;&quot;,&quot;camera&quot;:&quot;NIKON D90&quot;,&quot;caption&quot;:&quot;&quot;,&quot;created_timestamp&quot;:&quot;1354130368&quot;,&quot;copyright&quot;:&quot;&quot;,&quot;focal_length&quot;:&quot;19&quot;,&quot;iso&quot;:&quot;200&quot;,&quot;shutter_speed&quot;:&quot;0.00625&quot;,&quot;title&quot;:&quot;&quot;,&quot;orientation&quot;:&quot;1&quot;}\" data-image-title=\"2012-11-28_2019-01272_3_Vibrant\" data-image-description=\"\" data-image-caption=\"\" data-large-file=\"https:\/\/eclipses.eu\/wp-content\/uploads\/2021\/04\/2012-11-28_2019-01272_3_Vibrant-1024x680.jpg\" class=\"alignleft  wp-image-16745\" src=\"http:\/\/eclipses.eu\/wp-content\/uploads\/2021\/04\/2012-11-28_2019-01272_3_Vibrant-300x199.jpg\" alt=\"\" width=\"249\" height=\"165\" srcset=\"https:\/\/eclipses.eu\/wp-content\/uploads\/2021\/04\/2012-11-28_2019-01272_3_Vibrant-300x199.jpg 300w, https:\/\/eclipses.eu\/wp-content\/uploads\/2021\/04\/2012-11-28_2019-01272_3_Vibrant-1024x680.jpg 1024w, https:\/\/eclipses.eu\/wp-content\/uploads\/2021\/04\/2012-11-28_2019-01272_3_Vibrant-768x510.jpg 768w, https:\/\/eclipses.eu\/wp-content\/uploads\/2021\/04\/2012-11-28_2019-01272_3_Vibrant-1536x1021.jpg 1536w, https:\/\/eclipses.eu\/wp-content\/uploads\/2021\/04\/2012-11-28_2019-01272_3_Vibrant-2048x1361.jpg 2048w\" sizes=\"(max-width: 249px) 100vw, 249px\" \/>New Zealand &#8211; South Island:<\/strong>&nbsp;\n<ul>\n<li><a title=\"Winnice Marlborough \u2013 Park Narodowy Abel Tasman\" href=\"http:\/\/eclipses.eu\/2012\/11\/winnice-marlborough-park-narodowy-abel-tasman\/\">Blenheim wineries &#8211; Abel Tasma National Park<\/a><\/li>\n<li><a title=\"Park Narodowy Nelson Lakes \u2013 Punakaiki (Park Narodowy Paparoa)\" href=\"http:\/\/eclipses.eu\/2012\/11\/park-narodowy-nelson-lakes-punakaiki-park-narodowy-paparoa\/\">Rotoroa Lake in Nelson Lakes National Park&nbsp; &#8211; Punakuiki<\/a><\/li>\n<li><a title=\"Park Narodowy Westland Tai Poutini (lodowce Franz Josef i Fox) \u2013 bli\u017aniacze jeziora Wanaka i Hawea\" href=\"http:\/\/eclipses.eu\/2012\/11\/park-narodowy-westland-tai-poutini-lodowce-franz-josef-i-fox-blizniacze-jeziora-wanaka-i-hawea\/\">Franz Josef Glacier, Fox Glacier &#8211; Wanaka and Hawea Lakes<\/a><\/li>\n<li><a title=\"Milford Sound \u2013 Wodospad Stirling Falls \u2013 Te Anau (Nowa Zelandia)\" href=\"http:\/\/eclipses.eu\/2012\/11\/wodospad-stirling-falls-w-nowej-zelandii\/\">Te Anau &#8211; Milford Sound<\/a><\/li>\n<li><a title=\"Tuatapere \u2013 koniec \u015bwiata (Catlins)\" href=\"http:\/\/eclipses.eu\/2012\/11\/tuatapere-koniec-swiata-catlins\/\">Catlins &#8211; the south end &#8211; Slope Point, Nugget Point<\/a><\/li>\n<li><a title=\"Dunedin \u2013 przyl\u0105dek Otago \u2013 Moreaki \u2013 Oamaru\" href=\"http:\/\/eclipses.eu\/2012\/11\/dunedin-przyladek-otago-moreaki-oamaru\/\">Dunedin &#8211; Moreaki &#8211; Oamaru<\/a><\/li>\n<li><a title=\"Jezioro Tekapo \u2013 Obserwatorium astronomiczne Mt John\" href=\"http:\/\/eclipses.eu\/2012\/11\/jezioro-tekapo-obserwatorium-astronomiczne-mt-john\/\">Tekapo &#8211; Mt John Astronomical Observatory &#8211; Christchurch<\/a><\/li>\n<\/ul>\n<\/li>\n<\/ul>","protected":false},"excerpt":{"rendered":"<p>Relazione della spedizione totale eclissi solare in Australia e Nuova Zelanda Australia &#8211; Victoria, New South Wales: Melbourne Melbourne &#8211; Sovereign Hill Great Ocean Road &#8211; Twelve Apostles &#8211; Cape [&hellip;]<\/p>\n","protected":false},"author":1,"featured_media":0,"parent":1046,"menu_order":32,"comment_status":"open","ping_status":"closed","template":"","meta":{"ngg_post_thumbnail":0,"_price":"","_stock":"","_tribe_ticket_header":"","_tribe_default_ticket_provider":"","_tribe_ticket_capacity":"0","_ticket_start_date":"","_ticket_end_date":"","_tribe_ticket_show_description":"","_tribe_ticket_show_not_going":false,"_tribe_ticket_use_global_stock":"","_tribe_ticket_global_stock_level":"","_global_stock_mode":"","_global_stock_cap":"","_tribe_rsvp_for_event":"","_tribe_ticket_going_count":"","_tribe_ticket_not_going_count":"","_tribe_tickets_list":"[]","_tribe_ticket_has_attendee_info_fields":false,"_EventAllDay":false,"_EventTimezone":"","_EventStartDate":"","_EventEndDate":"","_EventStartDateUTC":"","_EventEndDateUTC":"","_EventShowMap":false,"_EventShowMapLink":false,"_EventURL":"","_EventCost":"","_EventCostDescription":"","_EventCurrencySymbol":"","_EventCurrencyCode":"","_EventCurrencyPosition":"","_EventDateTimeSeparator":"","_EventTimeRangeSeparator":"","_EventOrganizerID":[],"_EventVenueID":[],"_OrganizerEmail":"","_OrganizerPhone":"","_OrganizerWebsite":"","_VenueAddress":"","_VenueCity":"","_VenueCountry":"","_VenueProvince":"","_VenueState":"","_VenueZip":"","_VenuePhone":"","_VenueURL":"","_VenueStateProvince":"","_VenueLat":"","_VenueLng":"","_VenueShowMap":false,"_VenueShowMapLink":false,"footnotes":"","_tec_slr_enabled":"","_tec_slr_layout":""},"class_list":["post-1076","page","type-page","status-publish","hentry"],"aioseo_notices":[],"jetpack_sharing_enabled":true,"ticketed":false,"_links":{"self":[{"href":"https:\/\/eclipses.eu\/index.php\/wp-json\/wp\/v2\/pages\/1076","targetHints":{"allow":["GET"]}}],"collection":[{"href":"https:\/\/eclipses.eu\/index.php\/wp-json\/wp\/v2\/pages"}],"about":[{"href":"https:\/\/eclipses.eu\/index.php\/wp-json\/wp\/v2\/types\/page"}],"author":[{"embeddable":true,"href":"https:\/\/eclipses.eu\/index.php\/wp-json\/wp\/v2\/users\/1"}],"replies":[{"embeddable":true,"href":"https:\/\/eclipses.eu\/index.php\/wp-json\/wp\/v2\/comments?post=1076"}],"version-history":[{"count":1,"href":"https:\/\/eclipses.eu\/index.php\/wp-json\/wp\/v2\/pages\/1076\/revisions"}],"predecessor-version":[{"id":16746,"href":"https:\/\/eclipses.eu\/index.php\/wp-json\/wp\/v2\/pages\/1076\/revisions\/16746"}],"up":[{"embeddable":true,"href":"https:\/\/eclipses.eu\/index.php\/wp-json\/wp\/v2\/pages\/1046"}],"wp:attachment":[{"href":"https:\/\/eclipses.eu\/index.php\/wp-json\/wp\/v2\/media?parent=1076"}],"curies":[{"name":"wp","href":"https:\/\/api.w.org\/{rel}","templated":true}]}}