{"id":1046,"date":"2013-01-29T12:19:25","date_gmt":"2013-01-29T11:19:25","guid":{"rendered":"http:\/\/eclipses.eu\/?page_id=1046"},"modified":"2013-04-09T17:32:39","modified_gmt":"2013-04-09T15:32:39","slug":"relacje","status":"publish","type":"page","link":"https:\/\/eclipses.eu\/index.php\/relacje\/","title":{"rendered":"Reports"},"content":{"rendered":"<p><\/p>\n<ul>\n<li><a title=\"Chiny 2009 \u2013 Ca\u0142kowite Za\u0107mienie S\u0142o\u0144ca\" href=\"http:\/\/eclipses.eu\/relacje\/relacje-chiny-2009-calkowite-zacmienie-slonca\/\">Expedition to the total solar eclipse &#8211; China 2009<\/a><\/li>\n<li><a title=\"USA 2012 \u2013 Obr\u0105czkowe Za\u0107mienie S\u0142o\u0144ca\" href=\"http:\/\/eclipses.eu\/relacje\/relacje-usa-2012-obraczkowe-zacmienie-slonca\/\">Expedition to the annular solar eclipse &#8211; USA 2012<\/a><\/li>\n<li><a title=\"Australia i Nowa Zelandia 2012 \u2013 Ca\u0142kowite za\u0107mienie S\u0142o\u0144ca\" href=\"http:\/\/eclipses.eu\/relacje\/australia-i-nowa-zelandia-2012-calkowite-zacmienie-slonca\/\">Expedition to the total solar eclipse &#8211; Australia 2012 (and New Zealand)<\/a><\/li>\n<\/ul>\n<p><\/p>","protected":false},"excerpt":{"rendered":"<p>Expedition to the total solar eclipse &#8211; China 2009 Expedition to the annular solar eclipse &#8211; USA 2012 Expedition to the total solar eclipse &#8211; Australia 2012 (and New Zealand)<\/p>\n","protected":false},"author":1,"featured_media":0,"parent":0,"menu_order":85,"comment_status":"open","ping_status":"closed","template":"","meta":{"ngg_post_thumbnail":0,"_price":"","_stock":"","_tribe_ticket_header":"","_tribe_default_ticket_provider":"","_tribe_ticket_capacity":"0","_ticket_start_date":"","_ticket_end_date":"","_tribe_ticket_show_description":"","_tribe_ticket_show_not_going":false,"_tribe_ticket_use_global_stock":"","_tribe_ticket_global_stock_level":"","_global_stock_mode":"","_global_stock_cap":"","_tribe_rsvp_for_event":"","_tribe_ticket_going_count":"","_tribe_ticket_not_going_count":"","_tribe_tickets_list":"[]","_tribe_ticket_has_attendee_info_fields":false,"_EventAllDay":false,"_EventTimezone":"","_EventStartDate":"","_EventEndDate":"","_EventStartDateUTC":"","_EventEndDateUTC":"","_EventShowMap":false,"_EventShowMapLink":false,"_EventURL":"","_EventCost":"","_EventCostDescription":"","_EventCurrencySymbol":"","_EventCurrencyCode":"","_EventCurrencyPosition":"","_EventDateTimeSeparator":"","_EventTimeRangeSeparator":"","_EventOrganizerID":[],"_EventVenueID":[],"_OrganizerEmail":"","_OrganizerPhone":"","_OrganizerWebsite":"","_VenueAddress":"","_VenueCity":"","_VenueCountry":"","_VenueProvince":"","_VenueState":"","_VenueZip":"","_VenuePhone":"","_VenueURL":"","_VenueStateProvince":"","_VenueLat":"","_VenueLng":"","_VenueShowMap":false,"_VenueShowMapLink":false,"footnotes":"","_tec_slr_enabled":"","_tec_slr_layout":""},"class_list":["post-1046","page","type-page","status-publish","hentry"],"aioseo_notices":[],"jetpack_sharing_enabled":true,"ticketed":false,"_links":{"self":[{"href":"https:\/\/eclipses.eu\/index.php\/wp-json\/wp\/v2\/pages\/1046","targetHints":{"allow":["GET"]}}],"collection":[{"href":"https:\/\/eclipses.eu\/index.php\/wp-json\/wp\/v2\/pages"}],"about":[{"href":"https:\/\/eclipses.eu\/index.php\/wp-json\/wp\/v2\/types\/page"}],"author":[{"embeddable":true,"href":"https:\/\/eclipses.eu\/index.php\/wp-json\/wp\/v2\/users\/1"}],"replies":[{"embeddable":true,"href":"https:\/\/eclipses.eu\/index.php\/wp-json\/wp\/v2\/comments?post=1046"}],"version-history":[{"count":0,"href":"https:\/\/eclipses.eu\/index.php\/wp-json\/wp\/v2\/pages\/1046\/revisions"}],"wp:attachment":[{"href":"https:\/\/eclipses.eu\/index.php\/wp-json\/wp\/v2\/media?parent=1046"}],"curies":[{"name":"wp","href":"https:\/\/api.w.org\/{rel}","templated":true}]}}